{"id":9430,"date":"2024-09-28T14:37:41","date_gmt":"2024-09-28T14:37:41","guid":{"rendered":"https:\/\/www.periodicolapislazuli.com\/noticias\/?page_id=9430"},"modified":"2024-09-28T14:37:41","modified_gmt":"2024-09-28T14:37:41","slug":"aviso-legal","status":"publish","type":"page","link":"https:\/\/www.periodicolapislazuli.com\/noticias\/aviso-legal\/","title":{"rendered":"aviso legal"},"content":{"rendered":"<p>&nbsp;<\/p>\n<h3 style=\"text-align: center;\"><strong>Pol\u00edtica de Protecci\u00f3n de Datos Generales<\/strong><\/h3>\n<blockquote><p>En <strong>Peri\u00f3dico Lapisl\u00e1zuli<\/strong>, reconocemos la importancia fundamental de su privacidad y asumimos el firme compromiso de salvaguardar, con el m\u00e1ximo rigor, la informaci\u00f3n personal que usted nos conf\u00eda. Nuestra principal prioridad es garantizar que los datos que nos proporciona sean gestionados de manera \u00e9tica, segura y conforme a los m\u00e1s altos est\u00e1ndares de confidencialidad. La presente **Pol\u00edtica de Protecci\u00f3n de Datos Personales** tiene como objetivo detallar de manera exhaustiva los procedimientos mediante los cuales llevamos a cabo la recolecci\u00f3n, el uso adecuado y la protecci\u00f3n de sus datos personales. Todo este proceso se realiza en estricta observancia de lo estipulado en la Ley 1581 de 2012 de Protecci\u00f3n de Datos Personales de la Rep\u00fablica de Colombia, as\u00ed como en cumplimiento con las dem\u00e1s normativas nacionales e internacionales aplicables en la materia. Nos comprometemos a implementar todas las medidas necesarias para garantizar la privacidad y la integridad de su informaci\u00f3n.<\/p><\/blockquote>\n<p>&nbsp;<\/p>\n<ul>\n<li>\u00a0<strong>Recopilaci\u00f3n de Datos<\/strong><br \/>\nRecopilamos informaci\u00f3n personal de nuestros usuarios cuando:<br \/>\n&#8211; Navegan en nuestro sitio web.<br \/>\n&#8211; Se suscriben a nuestro bolet\u00edn o servicios de informaci\u00f3n.<br \/>\n&#8211; Participan en encuestas, concursos, o eventos.<br \/>\n&#8211; Env\u00edan comentarios, sugerencias o solicitudes.<\/li>\n<li><strong>Uso de la Informaci\u00f3n<\/strong><br \/>\nLa informaci\u00f3n personal que recopilamos se utiliza con los siguientes fines:<br \/>\n&#8211; Enviar actualizaciones, noticias, y boletines informativos.<br \/>\n&#8211; Gestionar y mejorar nuestros servicios, contenidos y experiencia del usuario.<br \/>\n&#8211; Proveer asistencia t\u00e9cnica y gestionar consultas.<br \/>\n&#8211; Realizar estudios estad\u00edsticos y de mercado para mejorar la oferta de nuestros contenidos.<\/li>\n<li><strong>Protecci\u00f3n y Confidencialidad<\/strong><\/li>\n<li><strong>Peri\u00f3dico Lapisl\u00e1zuli<\/strong> implementa medidas de seguridad adecuadas para proteger los datos personales de accesos no autorizados, alteraciones, divulgaci\u00f3n o destrucci\u00f3n. Nos comprometemos a no compartir, vender ni alquilar su informaci\u00f3n personal a terceros sin su consentimiento previo, excepto cuando sea requerido por ley<strong>.<\/strong><\/li>\n<li><strong>Derechos del Titular de los Datos<\/strong><br \/>\nDe acuerdo con la Ley 1581 de 2012, los titulares de los datos tienen el derecho de:<br \/>\n&#8211; Acceder, actualizar y corregir su informaci\u00f3n personal.<br \/>\n&#8211; Solicitar la eliminaci\u00f3n de sus datos cuando consideren que no est\u00e1n siendo utilizados conforme a las finalidades establecidas.<br \/>\n&#8211; Revocar su consentimiento en cualquier momento.<\/li>\n<li><strong>Modificaciones a la Pol\u00edtica de Datos<\/strong><br \/>\nNos reservamos el derecho de actualizar esta Pol\u00edtica de Protecci\u00f3n de Datos en cualquier momento, por lo que recomendamos revisar esta secci\u00f3n peri\u00f3dicamente. Cualquier cambio ser\u00e1 notificado oportunamente a trav\u00e9s de este sitio web.<\/li>\n<li>\u00a0<strong>Contacto<\/strong><\/li>\n<\/ul>\n<p>Si tiene preguntas o inquietudes sobre nuestra pol\u00edtica de protecci\u00f3n de datos, puede contactarnos a trav\u00e9s del correo ( contacto @ periodicolapislazuli .com)<\/p>\n<div class=\"pvc_clear\"><\/div>\n<p id=\"pvc_stats_9430\" class=\"pvc_stats all  \" data-element-id=\"9430\" style=\"\"><i class=\"pvc-stats-icon large\" aria-hidden=\"true\"><svg aria-hidden=\"true\" focusable=\"false\" data-prefix=\"far\" data-icon=\"chart-bar\" role=\"img\" xmlns=\"http:\/\/www.w3.org\/2000\/svg\" viewBox=\"0 0 512 512\" class=\"svg-inline--fa fa-chart-bar fa-w-16 fa-2x\"><path fill=\"currentColor\" d=\"M396.8 352h22.4c6.4 0 12.8-6.4 12.8-12.8V108.8c0-6.4-6.4-12.8-12.8-12.8h-22.4c-6.4 0-12.8 6.4-12.8 12.8v230.4c0 6.4 6.4 12.8 12.8 12.8zm-192 0h22.4c6.4 0 12.8-6.4 12.8-12.8V140.8c0-6.4-6.4-12.8-12.8-12.8h-22.4c-6.4 0-12.8 6.4-12.8 12.8v198.4c0 6.4 6.4 12.8 12.8 12.8zm96 0h22.4c6.4 0 12.8-6.4 12.8-12.8V204.8c0-6.4-6.4-12.8-12.8-12.8h-22.4c-6.4 0-12.8 6.4-12.8 12.8v134.4c0 6.4 6.4 12.8 12.8 12.8zM496 400H48V80c0-8.84-7.16-16-16-16H16C7.16 64 0 71.16 0 80v336c0 17.67 14.33 32 32 32h464c8.84 0 16-7.16 16-16v-16c0-8.84-7.16-16-16-16zm-387.2-48h22.4c6.4 0 12.8-6.4 12.8-12.8v-70.4c0-6.4-6.4-12.8-12.8-12.8h-22.4c-6.4 0-12.8 6.4-12.8 12.8v70.4c0 6.4 6.4 12.8 12.8 12.8z\" class=\"\"><\/path><\/svg><\/i> <img decoding=\"async\" width=\"16\" height=\"16\" alt=\"Loading\" src=\"https:\/\/www.periodicolapislazuli.com\/noticias\/wp-content\/plugins\/page-views-count\/ajax-loader-2x.gif\" border=0 \/><\/p>\n<div class=\"pvc_clear\"><\/div>\n","protected":false},"excerpt":{"rendered":"<p>&nbsp; Pol\u00edtica de Protecci\u00f3n de Datos Generales En Peri\u00f3dico Lapisl\u00e1zuli, reconocemos la importancia fundamental de su privacidad y<\/p>\n<div class=\"pvc_clear\"><\/div>\n<p id=\"pvc_stats_9430\" class=\"pvc_stats all  \" data-element-id=\"9430\" style=\"\"><i class=\"pvc-stats-icon large\" aria-hidden=\"true\"><svg aria-hidden=\"true\" focusable=\"false\" data-prefix=\"far\" data-icon=\"chart-bar\" role=\"img\" xmlns=\"http:\/\/www.w3.org\/2000\/svg\" viewBox=\"0 0 512 512\" class=\"svg-inline--fa fa-chart-bar fa-w-16 fa-2x\"><path fill=\"currentColor\" d=\"M396.8 352h22.4c6.4 0 12.8-6.4 12.8-12.8V108.8c0-6.4-6.4-12.8-12.8-12.8h-22.4c-6.4 0-12.8 6.4-12.8 12.8v230.4c0 6.4 6.4 12.8 12.8 12.8zm-192 0h22.4c6.4 0 12.8-6.4 12.8-12.8V140.8c0-6.4-6.4-12.8-12.8-12.8h-22.4c-6.4 0-12.8 6.4-12.8 12.8v198.4c0 6.4 6.4 12.8 12.8 12.8zm96 0h22.4c6.4 0 12.8-6.4 12.8-12.8V204.8c0-6.4-6.4-12.8-12.8-12.8h-22.4c-6.4 0-12.8 6.4-12.8 12.8v134.4c0 6.4 6.4 12.8 12.8 12.8zM496 400H48V80c0-8.84-7.16-16-16-16H16C7.16 64 0 71.16 0 80v336c0 17.67 14.33 32 32 32h464c8.84 0 16-7.16 16-16v-16c0-8.84-7.16-16-16-16zm-387.2-48h22.4c6.4 0 12.8-6.4 12.8-12.8v-70.4c0-6.4-6.4-12.8-12.8-12.8h-22.4c-6.4 0-12.8 6.4-12.8 12.8v70.4c0 6.4 6.4 12.8 12.8 12.8z\" class=\"\"><\/path><\/svg><\/i> <img decoding=\"async\" width=\"16\" height=\"16\" alt=\"Loading\" src=\"https:\/\/www.periodicolapislazuli.com\/noticias\/wp-content\/plugins\/page-views-count\/ajax-loader-2x.gif\" border=0 \/><\/p>\n<div class=\"pvc_clear\"><\/div>\n","protected":false},"author":3,"featured_media":11194,"parent":0,"menu_order":0,"comment_status":"closed","ping_status":"closed","template":"","meta":{"om_disable_all_campaigns":false,"pagelayer_contact_templates":[],"_pagelayer_content":"","_monsterinsights_skip_tracking":false,"_monsterinsights_sitenote_active":false,"_monsterinsights_sitenote_note":"","_monsterinsights_sitenote_category":0,"footnotes":""},"class_list":["post-9430","page","type-page","status-publish","has-post-thumbnail","hentry"],"_hostinger_reach_plugin_has_subscription_block":false,"_hostinger_reach_plugin_is_elementor":false,"_links":{"self":[{"href":"https:\/\/www.periodicolapislazuli.com\/noticias\/wp-json\/wp\/v2\/pages\/9430","targetHints":{"allow":["GET"]}}],"collection":[{"href":"https:\/\/www.periodicolapislazuli.com\/noticias\/wp-json\/wp\/v2\/pages"}],"about":[{"href":"https:\/\/www.periodicolapislazuli.com\/noticias\/wp-json\/wp\/v2\/types\/page"}],"author":[{"embeddable":true,"href":"https:\/\/www.periodicolapislazuli.com\/noticias\/wp-json\/wp\/v2\/users\/3"}],"replies":[{"embeddable":true,"href":"https:\/\/www.periodicolapislazuli.com\/noticias\/wp-json\/wp\/v2\/comments?post=9430"}],"version-history":[{"count":2,"href":"https:\/\/www.periodicolapislazuli.com\/noticias\/wp-json\/wp\/v2\/pages\/9430\/revisions"}],"predecessor-version":[{"id":11195,"href":"https:\/\/www.periodicolapislazuli.com\/noticias\/wp-json\/wp\/v2\/pages\/9430\/revisions\/11195"}],"wp:featuredmedia":[{"embeddable":true,"href":"https:\/\/www.periodicolapislazuli.com\/noticias\/wp-json\/wp\/v2\/media\/11194"}],"wp:attachment":[{"href":"https:\/\/www.periodicolapislazuli.com\/noticias\/wp-json\/wp\/v2\/media?parent=9430"}],"curies":[{"name":"wp","href":"https:\/\/api.w.org\/{rel}","templated":true}]}}